{"id":355,"date":"2025-09-10T11:55:21","date_gmt":"2025-09-10T14:55:21","guid":{"rendered":"https:\/\/staging1.analuwx.com\/?page_id=355"},"modified":"2025-09-10T13:13:48","modified_gmt":"2025-09-10T16:13:48","slug":"blog","status":"publish","type":"page","link":"https:\/\/staging1.analuwx.com\/index.php\/blog\/","title":{"rendered":"Blog"},"content":{"rendered":"\t\t<div data-elementor-type=\"wp-page\" data-elementor-id=\"355\" class=\"elementor elementor-355\" data-elementor-post-type=\"page\">\n\t\t\t\t<div class=\"elementor-element elementor-element-7d559323 e-flex e-con-boxed e-con e-parent\" data-id=\"7d559323\" data-element_type=\"container\" data-settings=\"{&quot;background_background&quot;:&quot;classic&quot;}\">\n\t\t\t\t\t<div class=\"e-con-inner\">\n\t\t\t\t<div class=\"elementor-element elementor-element-7c04f18 elementor-widget__width-inherit elementor-widget elementor-widget-heading\" data-id=\"7c04f18\" data-element_type=\"widget\" data-widget_type=\"heading.default\">\n\t\t\t\t\t<h2 class=\"elementor-heading-title elementor-size-default\">Blog<\/h2>\t\t\t\t<\/div>\n\t\t\t\t\t<\/div>\n\t\t\t\t<\/div>\n\t\t<div class=\"elementor-element elementor-element-c6827d0 e-flex e-con-boxed e-con e-parent\" data-id=\"c6827d0\" data-element_type=\"container\" data-settings=\"{&quot;background_background&quot;:&quot;classic&quot;}\">\n\t\t\t\t\t<div class=\"e-con-inner\">\n\t\t\t\t<div class=\"elementor-element elementor-element-20efec2 elementor-grid-3 elementor-grid-tablet-2 elementor-grid-mobile-1 elementor-posts--thumbnail-top load-more-align-center elementor-widget elementor-widget-posts\" data-id=\"20efec2\" data-element_type=\"widget\" data-settings=\"{&quot;pagination_type&quot;:&quot;load_more_on_click&quot;,&quot;classic_columns&quot;:&quot;3&quot;,&quot;classic_columns_tablet&quot;:&quot;2&quot;,&quot;classic_columns_mobile&quot;:&quot;1&quot;,&quot;classic_row_gap&quot;:{&quot;unit&quot;:&quot;px&quot;,&quot;size&quot;:35,&quot;sizes&quot;:[]},&quot;classic_row_gap_tablet&quot;:{&quot;unit&quot;:&quot;px&quot;,&quot;size&quot;:&quot;&quot;,&quot;sizes&quot;:[]},&quot;classic_row_gap_mobile&quot;:{&quot;unit&quot;:&quot;px&quot;,&quot;size&quot;:&quot;&quot;,&quot;sizes&quot;:[]},&quot;load_more_spinner&quot;:{&quot;value&quot;:&quot;fas fa-spinner&quot;,&quot;library&quot;:&quot;fa-solid&quot;}}\" data-widget_type=\"posts.classic\">\n\t\t\t\t<div class=\"elementor-widget-container\">\n\t\t\t\t\t\t\t<div class=\"elementor-posts-container elementor-posts elementor-posts--skin-classic elementor-grid\" role=\"list\">\n\t\t\t\t<article class=\"elementor-post elementor-grid-item post-315 post type-post status-publish format-standard has-post-thumbnail hentry category-familia\" role=\"listitem\">\n\t\t\t\t<a class=\"elementor-post__thumbnail__link\" href=\"https:\/\/staging1.analuwx.com\/index.php\/2025\/09\/10\/inventario-y-reparto-de-bienes-lo-esencial-que-nadie-te-cuenta\/\" tabindex=\"-1\" >\n\t\t\t<div class=\"elementor-post__thumbnail\"><img fetchpriority=\"high\" decoding=\"async\" width=\"400\" height=\"300\" src=\"https:\/\/staging1.analuwx.com\/wp-content\/uploads\/2025\/08\/0-3.jpg\" class=\"attachment-full size-full wp-image-21\" alt=\"\" srcset=\"https:\/\/staging1.analuwx.com\/wp-content\/uploads\/2025\/08\/0-3.jpg 400w, https:\/\/staging1.analuwx.com\/wp-content\/uploads\/2025\/08\/0-3-300x225.jpg 300w\" sizes=\"(max-width: 400px) 100vw, 400px\" \/><\/div>\n\t\t<\/a>\n\t\t\t\t<div class=\"elementor-post__text\">\n\t\t\t\t<h3 class=\"elementor-post__title\">\n\t\t\t<a href=\"https:\/\/staging1.analuwx.com\/index.php\/2025\/09\/10\/inventario-y-reparto-de-bienes-lo-esencial-que-nadie-te-cuenta\/\" >\n\t\t\t\tInventario y reparto de bienes: lo esencial que nadie te cuenta\t\t\t<\/a>\n\t\t<\/h3>\n\t\t\t\t<div class=\"elementor-post__meta-data\">\n\t\t\t\t\t<span class=\"elementor-post-date\">\n\t\t\t10 de setembro de 2025\t\t<\/span>\n\t\t\t\t<\/div>\n\t\t\t\t<div class=\"elementor-post__excerpt\">\n\t\t\t<p>Lorem ipsum dolor sit amet, consectetur adipiscing elit. Nulla non purus sed odio fringilla cursus. Fusce a nibh tellus. Nunc sagittis libero rutrum dictum ultricies. Praesent at enim et nisl<\/p>\n\t\t<\/div>\n\t\t\n\t\t<a class=\"elementor-post__read-more\" href=\"https:\/\/staging1.analuwx.com\/index.php\/2025\/09\/10\/inventario-y-reparto-de-bienes-lo-esencial-que-nadie-te-cuenta\/\" aria-label=\"Leia mais sobre Inventario y reparto de bienes: lo esencial que nadie te cuenta\" tabindex=\"-1\" >\n\t\t\tLeia mais \u00bb\t\t<\/a>\n\n\t\t\t\t<\/div>\n\t\t\t\t<\/article>\n\t\t\t\t<article class=\"elementor-post elementor-grid-item post-313 post type-post status-publish format-standard has-post-thumbnail hentry category-familia\" role=\"listitem\">\n\t\t\t\t<a class=\"elementor-post__thumbnail__link\" href=\"https:\/\/staging1.analuwx.com\/index.php\/2025\/09\/10\/divorcio-en-brasil-guia-paso-a-paso-para-entender-el-proceso\/\" tabindex=\"-1\" >\n\t\t\t<div class=\"elementor-post__thumbnail\"><img decoding=\"async\" width=\"400\" height=\"300\" src=\"https:\/\/staging1.analuwx.com\/wp-content\/uploads\/2025\/08\/0-2.jpg\" class=\"attachment-full size-full wp-image-20\" alt=\"\" srcset=\"https:\/\/staging1.analuwx.com\/wp-content\/uploads\/2025\/08\/0-2.jpg 400w, https:\/\/staging1.analuwx.com\/wp-content\/uploads\/2025\/08\/0-2-300x225.jpg 300w\" sizes=\"(max-width: 400px) 100vw, 400px\" \/><\/div>\n\t\t<\/a>\n\t\t\t\t<div class=\"elementor-post__text\">\n\t\t\t\t<h3 class=\"elementor-post__title\">\n\t\t\t<a href=\"https:\/\/staging1.analuwx.com\/index.php\/2025\/09\/10\/divorcio-en-brasil-guia-paso-a-paso-para-entender-el-proceso\/\" >\n\t\t\t\tDivorcio en Brasil: gu\u00eda paso a paso para entender el proceso\t\t\t<\/a>\n\t\t<\/h3>\n\t\t\t\t<div class=\"elementor-post__meta-data\">\n\t\t\t\t\t<span class=\"elementor-post-date\">\n\t\t\t10 de setembro de 2025\t\t<\/span>\n\t\t\t\t<\/div>\n\t\t\t\t<div class=\"elementor-post__excerpt\">\n\t\t\t<p>Lorem ipsum dolor sit amet, consectetur adipiscing elit. Nulla non purus sed odio fringilla cursus. Fusce a nibh tellus. Nunc sagittis libero rutrum dictum ultricies. Praesent at enim et nisl<\/p>\n\t\t<\/div>\n\t\t\n\t\t<a class=\"elementor-post__read-more\" href=\"https:\/\/staging1.analuwx.com\/index.php\/2025\/09\/10\/divorcio-en-brasil-guia-paso-a-paso-para-entender-el-proceso\/\" aria-label=\"Leia mais sobre Divorcio en Brasil: gu\u00eda paso a paso para entender el proceso\" tabindex=\"-1\" >\n\t\t\tLeia mais \u00bb\t\t<\/a>\n\n\t\t\t\t<\/div>\n\t\t\t\t<\/article>\n\t\t\t\t<article class=\"elementor-post elementor-grid-item post-311 post type-post status-publish format-standard has-post-thumbnail hentry category-consumidor\" role=\"listitem\">\n\t\t\t\t<a class=\"elementor-post__thumbnail__link\" href=\"https:\/\/staging1.analuwx.com\/index.php\/2025\/09\/10\/derechos-del-consumidor-todo-lo-que-debes-saber-para-no-ser-enganado\/\" tabindex=\"-1\" >\n\t\t\t<div class=\"elementor-post__thumbnail\"><img decoding=\"async\" width=\"400\" height=\"300\" src=\"https:\/\/staging1.analuwx.com\/wp-content\/uploads\/2025\/08\/Artboard-1-copy-4.jpg\" class=\"attachment-full size-full wp-image-28\" alt=\"\" srcset=\"https:\/\/staging1.analuwx.com\/wp-content\/uploads\/2025\/08\/Artboard-1-copy-4.jpg 400w, https:\/\/staging1.analuwx.com\/wp-content\/uploads\/2025\/08\/Artboard-1-copy-4-300x225.jpg 300w\" sizes=\"(max-width: 400px) 100vw, 400px\" \/><\/div>\n\t\t<\/a>\n\t\t\t\t<div class=\"elementor-post__text\">\n\t\t\t\t<h3 class=\"elementor-post__title\">\n\t\t\t<a href=\"https:\/\/staging1.analuwx.com\/index.php\/2025\/09\/10\/derechos-del-consumidor-todo-lo-que-debes-saber-para-no-ser-enganado\/\" >\n\t\t\t\tDerechos del consumidor: todo lo que debes saber para no ser enga\u00f1ado\t\t\t<\/a>\n\t\t<\/h3>\n\t\t\t\t<div class=\"elementor-post__meta-data\">\n\t\t\t\t\t<span class=\"elementor-post-date\">\n\t\t\t10 de setembro de 2025\t\t<\/span>\n\t\t\t\t<\/div>\n\t\t\t\t<div class=\"elementor-post__excerpt\">\n\t\t\t<p>Lorem ipsum dolor sit amet, consectetur adipiscing elit. Nulla non purus sed odio fringilla cursus. Fusce a nibh tellus. Nunc sagittis libero rutrum dictum ultricies. Praesent at enim et nisl<\/p>\n\t\t<\/div>\n\t\t\n\t\t<a class=\"elementor-post__read-more\" href=\"https:\/\/staging1.analuwx.com\/index.php\/2025\/09\/10\/derechos-del-consumidor-todo-lo-que-debes-saber-para-no-ser-enganado\/\" aria-label=\"Leia mais sobre Derechos del consumidor: todo lo que debes saber para no ser enga\u00f1ado\" tabindex=\"-1\" >\n\t\t\tLeia mais \u00bb\t\t<\/a>\n\n\t\t\t\t<\/div>\n\t\t\t\t<\/article>\n\t\t\t\t<article class=\"elementor-post elementor-grid-item post-309 post type-post status-publish format-standard has-post-thumbnail hentry category-laboral\" role=\"listitem\">\n\t\t\t\t<a class=\"elementor-post__thumbnail__link\" href=\"https:\/\/staging1.analuwx.com\/index.php\/2025\/09\/10\/los-5-errores-mas-comunes-en-contratos-y-como-puedes-evitarlos-facilmente\/\" tabindex=\"-1\" >\n\t\t\t<div class=\"elementor-post__thumbnail\"><img loading=\"lazy\" decoding=\"async\" width=\"400\" height=\"300\" src=\"https:\/\/staging1.analuwx.com\/wp-content\/uploads\/2025\/08\/0-1.jpg\" class=\"attachment-full size-full wp-image-19\" alt=\"\" srcset=\"https:\/\/staging1.analuwx.com\/wp-content\/uploads\/2025\/08\/0-1.jpg 400w, https:\/\/staging1.analuwx.com\/wp-content\/uploads\/2025\/08\/0-1-300x225.jpg 300w\" sizes=\"(max-width: 400px) 100vw, 400px\" \/><\/div>\n\t\t<\/a>\n\t\t\t\t<div class=\"elementor-post__text\">\n\t\t\t\t<h3 class=\"elementor-post__title\">\n\t\t\t<a href=\"https:\/\/staging1.analuwx.com\/index.php\/2025\/09\/10\/los-5-errores-mas-comunes-en-contratos-y-como-puedes-evitarlos-facilmente\/\" >\n\t\t\t\tLos 5 errores m\u00e1s comunes en contratos (y c\u00f3mo puedes evitarlos f\u00e1cilmente)\t\t\t<\/a>\n\t\t<\/h3>\n\t\t\t\t<div class=\"elementor-post__meta-data\">\n\t\t\t\t\t<span class=\"elementor-post-date\">\n\t\t\t10 de setembro de 2025\t\t<\/span>\n\t\t\t\t<\/div>\n\t\t\t\t<div class=\"elementor-post__excerpt\">\n\t\t\t<p>Lorem ipsum dolor sit amet, consectetur adipiscing elit. Nulla non purus sed odio fringilla cursus. Fusce a nibh tellus. Nunc sagittis libero rutrum dictum ultricies. Praesent at enim et nisl<\/p>\n\t\t<\/div>\n\t\t\n\t\t<a class=\"elementor-post__read-more\" href=\"https:\/\/staging1.analuwx.com\/index.php\/2025\/09\/10\/los-5-errores-mas-comunes-en-contratos-y-como-puedes-evitarlos-facilmente\/\" aria-label=\"Leia mais sobre Los 5 errores m\u00e1s comunes en contratos (y c\u00f3mo puedes evitarlos f\u00e1cilmente)\" tabindex=\"-1\" >\n\t\t\tLeia mais \u00bb\t\t<\/a>\n\n\t\t\t\t<\/div>\n\t\t\t\t<\/article>\n\t\t\t\t<article class=\"elementor-post elementor-grid-item post-307 post type-post status-publish format-standard has-post-thumbnail hentry category-general\" role=\"listitem\">\n\t\t\t\t<a class=\"elementor-post__thumbnail__link\" href=\"https:\/\/staging1.analuwx.com\/index.php\/2025\/09\/10\/compliance-al-descubierto-por-que-es-clave-para-el-exito-de-tu-empresa\/\" tabindex=\"-1\" >\n\t\t\t<div class=\"elementor-post__thumbnail\"><img loading=\"lazy\" decoding=\"async\" width=\"400\" height=\"300\" src=\"https:\/\/staging1.analuwx.com\/wp-content\/uploads\/2025\/08\/0-4.jpg\" class=\"attachment-full size-full wp-image-22\" alt=\"\" srcset=\"https:\/\/staging1.analuwx.com\/wp-content\/uploads\/2025\/08\/0-4.jpg 400w, https:\/\/staging1.analuwx.com\/wp-content\/uploads\/2025\/08\/0-4-300x225.jpg 300w\" sizes=\"(max-width: 400px) 100vw, 400px\" \/><\/div>\n\t\t<\/a>\n\t\t\t\t<div class=\"elementor-post__text\">\n\t\t\t\t<h3 class=\"elementor-post__title\">\n\t\t\t<a href=\"https:\/\/staging1.analuwx.com\/index.php\/2025\/09\/10\/compliance-al-descubierto-por-que-es-clave-para-el-exito-de-tu-empresa\/\" >\n\t\t\t\tCompliance al descubierto: por qu\u00e9 es clave para el \u00e9xito de tu empresa\t\t\t<\/a>\n\t\t<\/h3>\n\t\t\t\t<div class=\"elementor-post__meta-data\">\n\t\t\t\t\t<span class=\"elementor-post-date\">\n\t\t\t10 de setembro de 2025\t\t<\/span>\n\t\t\t\t<\/div>\n\t\t\t\t<div class=\"elementor-post__excerpt\">\n\t\t\t<p>Lorem ipsum dolor sit amet, consectetur adipiscing elit. Nulla non purus sed odio fringilla cursus. Fusce a nibh tellus. Nunc sagittis libero rutrum dictum ultricies. Praesent at enim et nisl<\/p>\n\t\t<\/div>\n\t\t\n\t\t<a class=\"elementor-post__read-more\" href=\"https:\/\/staging1.analuwx.com\/index.php\/2025\/09\/10\/compliance-al-descubierto-por-que-es-clave-para-el-exito-de-tu-empresa\/\" aria-label=\"Leia mais sobre Compliance al descubierto: por qu\u00e9 es clave para el \u00e9xito de tu empresa\" tabindex=\"-1\" >\n\t\t\tLeia mais \u00bb\t\t<\/a>\n\n\t\t\t\t<\/div>\n\t\t\t\t<\/article>\n\t\t\t\t<article class=\"elementor-post elementor-grid-item post-405 post type-post status-publish format-standard has-post-thumbnail hentry category-general\" role=\"listitem\">\n\t\t\t\t<a class=\"elementor-post__thumbnail__link\" href=\"https:\/\/staging1.analuwx.com\/index.php\/2025\/09\/09\/ejemplo-de-publicacion-2\/\" tabindex=\"-1\" >\n\t\t\t<div class=\"elementor-post__thumbnail\"><img loading=\"lazy\" decoding=\"async\" width=\"400\" height=\"300\" src=\"https:\/\/staging1.analuwx.com\/wp-content\/uploads\/2025\/08\/0-1.jpg\" class=\"attachment-full size-full wp-image-19\" alt=\"\" srcset=\"https:\/\/staging1.analuwx.com\/wp-content\/uploads\/2025\/08\/0-1.jpg 400w, https:\/\/staging1.analuwx.com\/wp-content\/uploads\/2025\/08\/0-1-300x225.jpg 300w\" sizes=\"(max-width: 400px) 100vw, 400px\" \/><\/div>\n\t\t<\/a>\n\t\t\t\t<div class=\"elementor-post__text\">\n\t\t\t\t<h3 class=\"elementor-post__title\">\n\t\t\t<a href=\"https:\/\/staging1.analuwx.com\/index.php\/2025\/09\/09\/ejemplo-de-publicacion-2\/\" >\n\t\t\t\tEjemplo de publicaci\u00f3n 2\t\t\t<\/a>\n\t\t<\/h3>\n\t\t\t\t<div class=\"elementor-post__meta-data\">\n\t\t\t\t\t<span class=\"elementor-post-date\">\n\t\t\t9 de setembro de 2025\t\t<\/span>\n\t\t\t\t<\/div>\n\t\t\t\t<div class=\"elementor-post__excerpt\">\n\t\t\t<p>Lorem ipsum dolor sit amet, consectetur adipiscing elit. Nulla non purus sed odio fringilla cursus. Fusce a nibh tellus. Nunc sagittis libero rutrum dictum ultricies. Praesent at enim et nisl<\/p>\n\t\t<\/div>\n\t\t\n\t\t<a class=\"elementor-post__read-more\" href=\"https:\/\/staging1.analuwx.com\/index.php\/2025\/09\/09\/ejemplo-de-publicacion-2\/\" aria-label=\"Leia mais sobre Ejemplo de publicaci\u00f3n 2\" tabindex=\"-1\" >\n\t\t\tLeia mais \u00bb\t\t<\/a>\n\n\t\t\t\t<\/div>\n\t\t\t\t<\/article>\n\t\t\t\t<\/div>\n\t\t\t\t\t<span class=\"e-load-more-spinner\">\n\t\t\t\t<svg aria-hidden=\"true\" class=\"e-font-icon-svg e-fas-spinner\" viewBox=\"0 0 512 512\" xmlns=\"http:\/\/www.w3.org\/2000\/svg\"><path d=\"M304 48c0 26.51-21.49 48-48 48s-48-21.49-48-48 21.49-48 48-48 48 21.49 48 48zm-48 368c-26.51 0-48 21.49-48 48s21.49 48 48 48 48-21.49 48-48-21.49-48-48-48zm208-208c-26.51 0-48 21.49-48 48s21.49 48 48 48 48-21.49 48-48-21.49-48-48-48zM96 256c0-26.51-21.49-48-48-48S0 229.49 0 256s21.49 48 48 48 48-21.49 48-48zm12.922 99.078c-26.51 0-48 21.49-48 48s21.49 48 48 48 48-21.49 48-48c0-26.509-21.491-48-48-48zm294.156 0c-26.51 0-48 21.49-48 48s21.49 48 48 48 48-21.49 48-48c0-26.509-21.49-48-48-48zM108.922 60.922c-26.51 0-48 21.49-48 48s21.49 48 48 48 48-21.49 48-48-21.491-48-48-48z\"><\/path><\/svg>\t\t\t<\/span>\n\t\t\n\t\t\t\t<div class=\"e-load-more-anchor\" data-page=\"1\" data-max-page=\"2\" data-next-page=\"https:\/\/staging1.analuwx.com\/index.php\/wp-json\/wp\/v2\/pages\/355\/page\/2\/\"><\/div>\n\t\t\t\t<div class=\"elementor-button-wrapper\">\n\t\t\t<a href=\"#\" class=\"elementor-button-link elementor-button\" role=\"button\">\n\t\t\t\t\t\t<span class=\"elementor-button-content-wrapper\">\n\t\t\t\t\t\t\t\t\t<span class=\"elementor-button-text\">Mostrar m\u00e1s<\/span>\n\t\t\t\t\t<\/span>\n\t\t\t\t\t<\/a>\n\t\t<\/div>\n\t\t\t\t<div class=\"e-load-more-message\"><\/div>\n\t\t\t\t\t\t<\/div>\n\t\t\t\t<\/div>\n\t\t\t\t<div class=\"elementor-element elementor-element-18930ed elementor-widget elementor-widget-spacer\" data-id=\"18930ed\" data-element_type=\"widget\" data-widget_type=\"spacer.default\">\n\t\t\t\t\t\t\t<div class=\"elementor-spacer\">\n\t\t\t<div class=\"elementor-spacer-inner\"><\/div>\n\t\t<\/div>\n\t\t\t\t\t\t<\/div>\n\t\t\t\t\t<\/div>\n\t\t\t\t<\/div>\n\t\t\t\t<\/div>\n\t\t","protected":false},"excerpt":{"rendered":"<p>Blog<\/p>\n","protected":false},"author":1,"featured_media":0,"parent":0,"menu_order":0,"comment_status":"closed","ping_status":"closed","template":"","meta":{"footnotes":""},"class_list":["post-355","page","type-page","status-publish","hentry"],"yoast_head":"<!-- This site is optimized with the Yoast SEO plugin v25.9 - https:\/\/yoast.com\/wordpress\/plugins\/seo\/ -->\n<title>Blog - Staging1<\/title>\n<meta name=\"robots\" content=\"index, follow, max-snippet:-1, max-image-preview:large, max-video-preview:-1\" \/>\n<link rel=\"canonical\" href=\"https:\/\/staging1.analuwx.com\/index.php\/blog\/\" \/>\n<meta property=\"og:locale\" content=\"pt_BR\" \/>\n<meta property=\"og:type\" content=\"article\" \/>\n<meta property=\"og:title\" content=\"Blog - Staging1\" \/>\n<meta property=\"og:description\" content=\"Blog\" \/>\n<meta property=\"og:url\" content=\"https:\/\/staging1.analuwx.com\/index.php\/blog\/\" \/>\n<meta property=\"og:site_name\" content=\"Staging1\" \/>\n<meta property=\"article:modified_time\" content=\"2025-09-10T16:13:48+00:00\" \/>\n<meta name=\"twitter:card\" content=\"summary_large_image\" \/>\n<script type=\"application\/ld+json\" class=\"yoast-schema-graph\">{\"@context\":\"https:\/\/schema.org\",\"@graph\":[{\"@type\":\"WebPage\",\"@id\":\"https:\/\/staging1.analuwx.com\/index.php\/blog\/\",\"url\":\"https:\/\/staging1.analuwx.com\/index.php\/blog\/\",\"name\":\"Blog - Staging1\",\"isPartOf\":{\"@id\":\"https:\/\/staging1.analuwx.com\/#website\"},\"datePublished\":\"2025-09-10T14:55:21+00:00\",\"dateModified\":\"2025-09-10T16:13:48+00:00\",\"breadcrumb\":{\"@id\":\"https:\/\/staging1.analuwx.com\/index.php\/blog\/#breadcrumb\"},\"inLanguage\":\"pt-BR\",\"potentialAction\":[{\"@type\":\"ReadAction\",\"target\":[\"https:\/\/staging1.analuwx.com\/index.php\/blog\/\"]}]},{\"@type\":\"BreadcrumbList\",\"@id\":\"https:\/\/staging1.analuwx.com\/index.php\/blog\/#breadcrumb\",\"itemListElement\":[{\"@type\":\"ListItem\",\"position\":1,\"name\":\"In\u00edcio\",\"item\":\"https:\/\/staging1.analuwx.com\/\"},{\"@type\":\"ListItem\",\"position\":2,\"name\":\"Blog\"}]},{\"@type\":\"WebSite\",\"@id\":\"https:\/\/staging1.analuwx.com\/#website\",\"url\":\"https:\/\/staging1.analuwx.com\/\",\"name\":\"Staging1\",\"description\":\"Estamos aqu\u00ed para luchar contra cualquier violaci\u00f3n judicial.\",\"publisher\":{\"@id\":\"https:\/\/staging1.analuwx.com\/#organization\"},\"potentialAction\":[{\"@type\":\"SearchAction\",\"target\":{\"@type\":\"EntryPoint\",\"urlTemplate\":\"https:\/\/staging1.analuwx.com\/?s={search_term_string}\"},\"query-input\":{\"@type\":\"PropertyValueSpecification\",\"valueRequired\":true,\"valueName\":\"search_term_string\"}}],\"inLanguage\":\"pt-BR\"},{\"@type\":\"Organization\",\"@id\":\"https:\/\/staging1.analuwx.com\/#organization\",\"name\":\"Staging1\",\"url\":\"https:\/\/staging1.analuwx.com\/\",\"logo\":{\"@type\":\"ImageObject\",\"inLanguage\":\"pt-BR\",\"@id\":\"https:\/\/staging1.analuwx.com\/#\/schema\/logo\/image\/\",\"url\":\"https:\/\/staging1.analuwx.com\/wp-content\/uploads\/2025\/08\/click.png\",\"contentUrl\":\"https:\/\/staging1.analuwx.com\/wp-content\/uploads\/2025\/08\/click.png\",\"width\":600,\"height\":177,\"caption\":\"Staging1\"},\"image\":{\"@id\":\"https:\/\/staging1.analuwx.com\/#\/schema\/logo\/image\/\"}}]}<\/script>\n<!-- \/ Yoast SEO plugin. -->","yoast_head_json":{"title":"Blog - Staging1","robots":{"index":"index","follow":"follow","max-snippet":"max-snippet:-1","max-image-preview":"max-image-preview:large","max-video-preview":"max-video-preview:-1"},"canonical":"https:\/\/staging1.analuwx.com\/index.php\/blog\/","og_locale":"pt_BR","og_type":"article","og_title":"Blog - Staging1","og_description":"Blog","og_url":"https:\/\/staging1.analuwx.com\/index.php\/blog\/","og_site_name":"Staging1","article_modified_time":"2025-09-10T16:13:48+00:00","twitter_card":"summary_large_image","schema":{"@context":"https:\/\/schema.org","@graph":[{"@type":"WebPage","@id":"https:\/\/staging1.analuwx.com\/index.php\/blog\/","url":"https:\/\/staging1.analuwx.com\/index.php\/blog\/","name":"Blog - Staging1","isPartOf":{"@id":"https:\/\/staging1.analuwx.com\/#website"},"datePublished":"2025-09-10T14:55:21+00:00","dateModified":"2025-09-10T16:13:48+00:00","breadcrumb":{"@id":"https:\/\/staging1.analuwx.com\/index.php\/blog\/#breadcrumb"},"inLanguage":"pt-BR","potentialAction":[{"@type":"ReadAction","target":["https:\/\/staging1.analuwx.com\/index.php\/blog\/"]}]},{"@type":"BreadcrumbList","@id":"https:\/\/staging1.analuwx.com\/index.php\/blog\/#breadcrumb","itemListElement":[{"@type":"ListItem","position":1,"name":"In\u00edcio","item":"https:\/\/staging1.analuwx.com\/"},{"@type":"ListItem","position":2,"name":"Blog"}]},{"@type":"WebSite","@id":"https:\/\/staging1.analuwx.com\/#website","url":"https:\/\/staging1.analuwx.com\/","name":"Staging1","description":"Estamos aqu\u00ed para luchar contra cualquier violaci\u00f3n judicial.","publisher":{"@id":"https:\/\/staging1.analuwx.com\/#organization"},"potentialAction":[{"@type":"SearchAction","target":{"@type":"EntryPoint","urlTemplate":"https:\/\/staging1.analuwx.com\/?s={search_term_string}"},"query-input":{"@type":"PropertyValueSpecification","valueRequired":true,"valueName":"search_term_string"}}],"inLanguage":"pt-BR"},{"@type":"Organization","@id":"https:\/\/staging1.analuwx.com\/#organization","name":"Staging1","url":"https:\/\/staging1.analuwx.com\/","logo":{"@type":"ImageObject","inLanguage":"pt-BR","@id":"https:\/\/staging1.analuwx.com\/#\/schema\/logo\/image\/","url":"https:\/\/staging1.analuwx.com\/wp-content\/uploads\/2025\/08\/click.png","contentUrl":"https:\/\/staging1.analuwx.com\/wp-content\/uploads\/2025\/08\/click.png","width":600,"height":177,"caption":"Staging1"},"image":{"@id":"https:\/\/staging1.analuwx.com\/#\/schema\/logo\/image\/"}}]}},"_links":{"self":[{"href":"https:\/\/staging1.analuwx.com\/index.php\/wp-json\/wp\/v2\/pages\/355","targetHints":{"allow":["GET"]}}],"collection":[{"href":"https:\/\/staging1.analuwx.com\/index.php\/wp-json\/wp\/v2\/pages"}],"about":[{"href":"https:\/\/staging1.analuwx.com\/index.php\/wp-json\/wp\/v2\/types\/page"}],"author":[{"embeddable":true,"href":"https:\/\/staging1.analuwx.com\/index.php\/wp-json\/wp\/v2\/users\/1"}],"replies":[{"embeddable":true,"href":"https:\/\/staging1.analuwx.com\/index.php\/wp-json\/wp\/v2\/comments?post=355"}],"version-history":[{"count":28,"href":"https:\/\/staging1.analuwx.com\/index.php\/wp-json\/wp\/v2\/pages\/355\/revisions"}],"predecessor-version":[{"id":414,"href":"https:\/\/staging1.analuwx.com\/index.php\/wp-json\/wp\/v2\/pages\/355\/revisions\/414"}],"wp:attachment":[{"href":"https:\/\/staging1.analuwx.com\/index.php\/wp-json\/wp\/v2\/media?parent=355"}],"curies":[{"name":"wp","href":"https:\/\/api.w.org\/{rel}","templated":true}]}}